{"id":15,"date":"2021-03-11T19:09:34","date_gmt":"2021-03-11T19:09:34","guid":{"rendered":"https:\/\/app.kata.fi\/?page_id=15"},"modified":"2021-03-11T19:22:35","modified_gmt":"2021-03-11T19:22:35","slug":"etusivu","status":"publish","type":"page","link":"https:\/\/app.kata.fi\/","title":{"rendered":"Etusivu"},"content":{"rendered":"\n<p>T\u00e4h\u00e4n tulee pient\u00e4 infoa<\/p>\n\n\n\n<div class=\"wp-block-file\"><a href=\"http:\/\/app.kata.fi\/wp-content\/uploads\/2021\/03\/kata.apk\">kata<\/a><a href=\"http:\/\/app.kata.fi\/wp-content\/uploads\/2021\/03\/kata.apk\" class=\"wp-block-file__button\" download>Download<\/a><\/div>\n","protected":false},"excerpt":{"rendered":"<p>T\u00e4h\u00e4n tulee pient\u00e4 infoa<\/p>\n","protected":false},"author":1,"featured_media":0,"parent":0,"menu_order":0,"comment_status":"closed","ping_status":"closed","template":"","meta":[],"_links":{"self":[{"href":"https:\/\/app.kata.fi\/index.php?rest_route=\/wp\/v2\/pages\/15"}],"collection":[{"href":"https:\/\/app.kata.fi\/index.php?rest_route=\/wp\/v2\/pages"}],"about":[{"href":"https:\/\/app.kata.fi\/index.php?rest_route=\/wp\/v2\/types\/page"}],"author":[{"embeddable":true,"href":"https:\/\/app.kata.fi\/index.php?rest_route=\/wp\/v2\/users\/1"}],"replies":[{"embeddable":true,"href":"https:\/\/app.kata.fi\/index.php?rest_route=%2Fwp%2Fv2%2Fcomments&post=15"}],"version-history":[{"count":3,"href":"https:\/\/app.kata.fi\/index.php?rest_route=\/wp\/v2\/pages\/15\/revisions"}],"predecessor-version":[{"id":20,"href":"https:\/\/app.kata.fi\/index.php?rest_route=\/wp\/v2\/pages\/15\/revisions\/20"}],"wp:attachment":[{"href":"https:\/\/app.kata.fi\/index.php?rest_route=%2Fwp%2Fv2%2Fmedia&parent=15"}],"curies":[{"name":"wp","href":"https:\/\/api.w.org\/{rel}","templated":true}]}}